{"id":13070,"date":"2023-04-22T21:26:05","date_gmt":"2023-04-22T19:26:05","guid":{"rendered":"https:\/\/stagesetpeinturesvilcaz.fr\/?post_type=product&#038;p=13070"},"modified":"2023-04-22T21:29:35","modified_gmt":"2023-04-22T19:29:35","slug":"en-le-collector-vilcaz-25-ans-artniversaire","status":"publish","type":"product","link":"https:\/\/stagesetpeinturesvilcaz.fr\/en\/produit\/en-le-collector-vilcaz-25-ans-artniversaire\/","title":{"rendered":"The \u00ab\u00a0Collector\u00a0\u00bb Vilcaz 25 ans Art&rsquo;niversary"},"content":{"rendered":"<p>Livre format 24&#215;24 cm. Couverture souple \u00e0 rabats. Livr\u00e9 sous enveloppe \u00e0 bulles.<\/p>\n<p>Tarif Poste Lettre verte suivie France m\u00e9tropolitaine 4.50 euros<\/p>\n<p>Je valide mon panier&#8230;<\/p>\n<p>Pour les paiements par ch\u00e8ques, celui-ci ne sera encaiss\u00e9 qu&rsquo;une fois le collector livr\u00e9.<br \/>\nPaiement par ch\u00e8que : j&rsquo;envoie un ch\u00e8que d&rsquo;un montant total de 100 + 4.50 frais d&rsquo;envois \u00e0 l&rsquo;ordre de :<\/p>\n<p>Mme Corinne VILCAZ<br \/>\n18 Bis chemin de massan\u00e8s<br \/>\n47300 Villeneuve sur lot<\/p>\n","protected":false},"excerpt":{"rendered":"<p>Le \u00ab\u00a0collector\u00a0\u00bb : Livre 25 ans Vilcaz avec pr\u00e9face de Francis Cabrel<\/p>\n<p>1 livre d&rsquo;artiste 25 ans de carri\u00e8re + 1 reproduction en digigraphie, num\u00e9rot\u00e9e, avec son certificat d&rsquo;authenticit\u00e9 et sa facture. Sign\u00e9e au dos, dat\u00e9e et d\u00e9dicac\u00e9e sur demande. Papier 310 gr. Satin\/Mat24x24 cm Haute qualit\u00e9 d&rsquo;impression.<\/p>\n<p>Livre format 24&#215;24 cm. Couverture souple \u00e0 rabats. Livr\u00e9 sous enveloppe \u00e0 bulles.<\/p>\n<p>Tarif Poste Lettre verte suivie France m\u00e9tropolitaine 4.50 euros<\/p>\n","protected":false},"featured_media":15665,"template":"","meta":{"_acf_changed":false,"_uag_custom_page_level_css":"","_monsterinsights_skip_tracking":false,"_monsterinsights_sitenote_active":false,"_monsterinsights_sitenote_note":"","_monsterinsights_sitenote_category":0,"site-sidebar-layout":"default","site-content-layout":"default","ast-site-content-layout":"default","site-content-style":"default","site-sidebar-style":"default","ast-global-header-display":"","ast-banner-title-visibility":"","ast-main-header-display":"","ast-hfb-above-header-display":"","ast-hfb-below-header-display":"","ast-hfb-mobile-header-display":"","site-post-title":"","ast-breadcrumbs-content":"","ast-featured-img":"","footer-sml-layout":"","ast-disable-related-posts":"","theme-transparent-header-meta":"default","adv-header-id-meta":"","stick-header-meta":"","header-above-stick-meta":"","header-main-stick-meta":"","header-below-stick-meta":"","astra-migrate-meta-layouts":"default","ast-page-background-enabled":"default","ast-page-background-meta":{"desktop":{"background-color":"","background-image":"","background-repeat":"repeat","background-position":"center center","background-size":"auto","background-attachment":"scroll","background-type":"","background-media":"","overlay-type":"","overlay-color":"","overlay-opacity":"","overlay-gradient":""},"tablet":{"background-color":"","background-image":"","background-repeat":"repeat","background-position":"center center","background-size":"auto","background-attachment":"scroll","background-type":"","background-media":"","overlay-type":"","overlay-color":"","overlay-opacity":"","overlay-gradient":""},"mobile":{"background-color":"","background-image":"","background-repeat":"repeat","background-position":"center center","background-size":"auto","background-attachment":"scroll","background-type":"","background-media":"","overlay-type":"","overlay-color":"","overlay-opacity":"","overlay-gradient":""}},"ast-content-background-meta":{"desktop":{"background-color":"var(--ast-global-color-5)","background-image":"","background-repeat":"repeat","background-position":"center center","background-size":"auto","background-attachment":"scroll","background-type":"","background-media":"","overlay-type":"","overlay-color":"","overlay-opacity":"","overlay-gradient":""},"tablet":{"background-color":"var(--ast-global-color-5)","background-image":"","background-repeat":"repeat","background-position":"center center","background-size":"auto","background-attachment":"scroll","background-type":"","background-media":"","overlay-type":"","overlay-color":"","overlay-opacity":"","overlay-gradient":""},"mobile":{"background-color":"var(--ast-global-color-5)","background-image":"","background-repeat":"repeat","background-position":"center center","background-size":"auto","background-attachment":"scroll","background-type":"","background-media":"","overlay-type":"","overlay-color":"","overlay-opacity":"","overlay-gradient":""}}},"product_brand":[],"product_cat":[326],"product_tag":[],"class_list":{"0":"post-13070","1":"product","2":"type-product","3":"status-publish","4":"has-post-thumbnail","6":"product_cat-collectors-book","7":"product_shipping_class-livraison-lettre-verte-suivie","8":"desktop-align-left","9":"tablet-align-left","10":"mobile-align-left","12":"first","13":"instock","14":"shipping-taxable","15":"purchasable","16":"product-type-simple"},"acf":[],"yoast_head":"<!-- This site is optimized with the Yoast SEO plugin v27.4 - https:\/\/yoast.com\/product\/yoast-seo-wordpress\/ -->\n<title>The &quot;Collector&quot; Vilcaz 25 ans Art&#039;niversary - Corinne Vilcaz<\/title>\n<meta name=\"description\" content=\"25 ans de carri\u00e8re. Un livre d&#039;artiste &quot;collector&quot; avec pr\u00e9face de Francis Cabrel et sa reproduction 24x24 cm en digigraphie num\u00e9rot\u00e9e. S\u00e9rie limit\u00e9e.\" \/>\n<meta name=\"robots\" content=\"index, follow, max-snippet:-1, max-image-preview:large, max-video-preview:-1\" \/>\n<link rel=\"canonical\" href=\"https:\/\/stagesetpeinturesvilcaz.fr\/en\/produit\/en-le-collector-vilcaz-25-ans-artniversaire\/\" \/>\n<meta property=\"og:locale\" content=\"fr_FR\" \/>\n<meta property=\"og:type\" content=\"article\" \/>\n<meta property=\"og:title\" content=\"The &quot;Collector&quot; Vilcaz 25 ans Art&#039;niversary - Corinne Vilcaz\" \/>\n<meta property=\"og:description\" content=\"25 ans de carri\u00e8re. Un livre d&#039;artiste &quot;collector&quot; avec pr\u00e9face de Francis Cabrel et sa reproduction 24x24 cm en digigraphie num\u00e9rot\u00e9e. S\u00e9rie limit\u00e9e.\" \/>\n<meta property=\"og:url\" content=\"https:\/\/stagesetpeinturesvilcaz.fr\/en\/produit\/en-le-collector-vilcaz-25-ans-artniversaire\/\" \/>\n<meta property=\"og:site_name\" content=\"Corinne Vilcaz\" \/>\n<meta property=\"article:publisher\" content=\"https:\/\/fr-fr.facebook.com\/corinne.vilcaz\" \/>\n<meta property=\"article:modified_time\" content=\"2023-04-22T19:29:35+00:00\" \/>\n<meta property=\"og:image\" content=\"https:\/\/stagesetpeinturesvilcaz.fr\/wp-content\/uploads\/2023\/03\/Livre-dartiste-Vilcaz-Collector-1.jpg\" \/>\n\t<meta property=\"og:image:width\" content=\"1400\" \/>\n\t<meta property=\"og:image:height\" content=\"1400\" \/>\n\t<meta property=\"og:image:type\" content=\"image\/jpeg\" \/>\n<meta name=\"twitter:card\" content=\"summary_large_image\" \/>\n<meta name=\"twitter:label1\" content=\"Dur\u00e9e de lecture estim\u00e9e\" \/>\n\t<meta name=\"twitter:data1\" content=\"1 minute\" \/>\n<script type=\"application\/ld+json\" class=\"yoast-schema-graph\">{\"@context\":\"https:\\\/\\\/schema.org\",\"@graph\":[{\"@type\":\"WebPage\",\"@id\":\"https:\\\/\\\/stagesetpeinturesvilcaz.fr\\\/en\\\/produit\\\/en-le-collector-vilcaz-25-ans-artniversaire\\\/\",\"url\":\"https:\\\/\\\/stagesetpeinturesvilcaz.fr\\\/en\\\/produit\\\/en-le-collector-vilcaz-25-ans-artniversaire\\\/\",\"name\":\"The \\\"Collector\\\" Vilcaz 25 ans Art'niversary - Corinne Vilcaz\",\"isPartOf\":{\"@id\":\"https:\\\/\\\/stagesetpeinturesvilcaz.fr\\\/#website\"},\"primaryImageOfPage\":{\"@id\":\"https:\\\/\\\/stagesetpeinturesvilcaz.fr\\\/en\\\/produit\\\/en-le-collector-vilcaz-25-ans-artniversaire\\\/#primaryimage\"},\"image\":{\"@id\":\"https:\\\/\\\/stagesetpeinturesvilcaz.fr\\\/en\\\/produit\\\/en-le-collector-vilcaz-25-ans-artniversaire\\\/#primaryimage\"},\"thumbnailUrl\":\"https:\\\/\\\/stagesetpeinturesvilcaz.fr\\\/wp-content\\\/uploads\\\/2023\\\/03\\\/Livre-dartiste-Vilcaz-Collector-1.jpg\",\"datePublished\":\"2023-04-22T19:26:05+00:00\",\"dateModified\":\"2023-04-22T19:29:35+00:00\",\"description\":\"25 ans de carri\u00e8re. Un livre d'artiste \\\"collector\\\" avec pr\u00e9face de Francis Cabrel et sa reproduction 24x24 cm en digigraphie num\u00e9rot\u00e9e. S\u00e9rie limit\u00e9e.\",\"breadcrumb\":{\"@id\":\"https:\\\/\\\/stagesetpeinturesvilcaz.fr\\\/en\\\/produit\\\/en-le-collector-vilcaz-25-ans-artniversaire\\\/#breadcrumb\"},\"inLanguage\":\"fr-FR\",\"potentialAction\":[{\"@type\":\"ReadAction\",\"target\":[\"https:\\\/\\\/stagesetpeinturesvilcaz.fr\\\/en\\\/produit\\\/en-le-collector-vilcaz-25-ans-artniversaire\\\/\"]}]},{\"@type\":\"ImageObject\",\"inLanguage\":\"fr-FR\",\"@id\":\"https:\\\/\\\/stagesetpeinturesvilcaz.fr\\\/en\\\/produit\\\/en-le-collector-vilcaz-25-ans-artniversaire\\\/#primaryimage\",\"url\":\"https:\\\/\\\/stagesetpeinturesvilcaz.fr\\\/wp-content\\\/uploads\\\/2023\\\/03\\\/Livre-dartiste-Vilcaz-Collector-1.jpg\",\"contentUrl\":\"https:\\\/\\\/stagesetpeinturesvilcaz.fr\\\/wp-content\\\/uploads\\\/2023\\\/03\\\/Livre-dartiste-Vilcaz-Collector-1.jpg\",\"width\":1400,\"height\":1400,\"caption\":\"Livre d'Artiste Vilcaz \\\"Collector\\\" 25 ans de carri\u00e8re\"},{\"@type\":\"BreadcrumbList\",\"@id\":\"https:\\\/\\\/stagesetpeinturesvilcaz.fr\\\/en\\\/produit\\\/en-le-collector-vilcaz-25-ans-artniversaire\\\/#breadcrumb\",\"itemListElement\":[{\"@type\":\"ListItem\",\"position\":1,\"name\":\"Accueil\",\"item\":\"https:\\\/\\\/stagesetpeinturesvilcaz.fr\\\/\"},{\"@type\":\"ListItem\",\"position\":2,\"name\":\"Boutique &#8211; S\u00e9lection du mois\",\"item\":\"https:\\\/\\\/stagesetpeinturesvilcaz.fr\\\/mes-oeuvres\\\/boutique-des-oeuvres-de-lartiste-corinne-vilcaz\\\/\"},{\"@type\":\"ListItem\",\"position\":3,\"name\":\"The \u00ab\u00a0Collector\u00a0\u00bb Vilcaz 25 ans Art&rsquo;niversary\"}]},{\"@type\":\"WebSite\",\"@id\":\"https:\\\/\\\/stagesetpeinturesvilcaz.fr\\\/#website\",\"url\":\"https:\\\/\\\/stagesetpeinturesvilcaz.fr\\\/\",\"name\":\"Corinne Vilcaz Artiste peintre professionnelle Stages et Peintures\",\"description\":\"Artiste peintre professionnelle, Stages Aquarelle, Stages Huile\",\"publisher\":{\"@id\":\"https:\\\/\\\/stagesetpeinturesvilcaz.fr\\\/#organization\"},\"potentialAction\":[{\"@type\":\"SearchAction\",\"target\":{\"@type\":\"EntryPoint\",\"urlTemplate\":\"https:\\\/\\\/stagesetpeinturesvilcaz.fr\\\/?s={search_term_string}\"},\"query-input\":{\"@type\":\"PropertyValueSpecification\",\"valueRequired\":true,\"valueName\":\"search_term_string\"}}],\"inLanguage\":\"fr-FR\"},{\"@type\":\"Organization\",\"@id\":\"https:\\\/\\\/stagesetpeinturesvilcaz.fr\\\/#organization\",\"name\":\"Corinne Vilcaz\",\"url\":\"https:\\\/\\\/stagesetpeinturesvilcaz.fr\\\/\",\"logo\":{\"@type\":\"ImageObject\",\"inLanguage\":\"fr-FR\",\"@id\":\"https:\\\/\\\/stagesetpeinturesvilcaz.fr\\\/#\\\/schema\\\/logo\\\/image\\\/\",\"url\":\"https:\\\/\\\/stagesetpeinturesvilcaz.fr\\\/wp-content\\\/uploads\\\/2017\\\/12\\\/header_fr-1.jpg\",\"contentUrl\":\"https:\\\/\\\/stagesetpeinturesvilcaz.fr\\\/wp-content\\\/uploads\\\/2017\\\/12\\\/header_fr-1.jpg\",\"width\":600,\"height\":138,\"caption\":\"Corinne Vilcaz\"},\"image\":{\"@id\":\"https:\\\/\\\/stagesetpeinturesvilcaz.fr\\\/#\\\/schema\\\/logo\\\/image\\\/\"},\"sameAs\":[\"https:\\\/\\\/fr-fr.facebook.com\\\/corinne.vilcaz\",\"https:\\\/\\\/www.linkedin.com\\\/in\\\/corinne-vilcaz-5ab57043\"]}]}<\/script>\n<!-- \/ Yoast SEO plugin. -->","yoast_head_json":{"title":"The \"Collector\" Vilcaz 25 ans Art'niversary - Corinne Vilcaz","description":"25 ans de carri\u00e8re. Un livre d'artiste \"collector\" avec pr\u00e9face de Francis Cabrel et sa reproduction 24x24 cm en digigraphie num\u00e9rot\u00e9e. S\u00e9rie limit\u00e9e.","robots":{"index":"index","follow":"follow","max-snippet":"max-snippet:-1","max-image-preview":"max-image-preview:large","max-video-preview":"max-video-preview:-1"},"canonical":"https:\/\/stagesetpeinturesvilcaz.fr\/en\/produit\/en-le-collector-vilcaz-25-ans-artniversaire\/","og_locale":"fr_FR","og_type":"article","og_title":"The \"Collector\" Vilcaz 25 ans Art'niversary - Corinne Vilcaz","og_description":"25 ans de carri\u00e8re. Un livre d'artiste \"collector\" avec pr\u00e9face de Francis Cabrel et sa reproduction 24x24 cm en digigraphie num\u00e9rot\u00e9e. S\u00e9rie limit\u00e9e.","og_url":"https:\/\/stagesetpeinturesvilcaz.fr\/en\/produit\/en-le-collector-vilcaz-25-ans-artniversaire\/","og_site_name":"Corinne Vilcaz","article_publisher":"https:\/\/fr-fr.facebook.com\/corinne.vilcaz","article_modified_time":"2023-04-22T19:29:35+00:00","og_image":[{"width":1400,"height":1400,"url":"https:\/\/stagesetpeinturesvilcaz.fr\/wp-content\/uploads\/2023\/03\/Livre-dartiste-Vilcaz-Collector-1.jpg","type":"image\/jpeg"}],"twitter_card":"summary_large_image","twitter_misc":{"Dur\u00e9e de lecture estim\u00e9e":"1 minute"},"schema":{"@context":"https:\/\/schema.org","@graph":[{"@type":"WebPage","@id":"https:\/\/stagesetpeinturesvilcaz.fr\/en\/produit\/en-le-collector-vilcaz-25-ans-artniversaire\/","url":"https:\/\/stagesetpeinturesvilcaz.fr\/en\/produit\/en-le-collector-vilcaz-25-ans-artniversaire\/","name":"The \"Collector\" Vilcaz 25 ans Art'niversary - Corinne Vilcaz","isPartOf":{"@id":"https:\/\/stagesetpeinturesvilcaz.fr\/#website"},"primaryImageOfPage":{"@id":"https:\/\/stagesetpeinturesvilcaz.fr\/en\/produit\/en-le-collector-vilcaz-25-ans-artniversaire\/#primaryimage"},"image":{"@id":"https:\/\/stagesetpeinturesvilcaz.fr\/en\/produit\/en-le-collector-vilcaz-25-ans-artniversaire\/#primaryimage"},"thumbnailUrl":"https:\/\/stagesetpeinturesvilcaz.fr\/wp-content\/uploads\/2023\/03\/Livre-dartiste-Vilcaz-Collector-1.jpg","datePublished":"2023-04-22T19:26:05+00:00","dateModified":"2023-04-22T19:29:35+00:00","description":"25 ans de carri\u00e8re. Un livre d'artiste \"collector\" avec pr\u00e9face de Francis Cabrel et sa reproduction 24x24 cm en digigraphie num\u00e9rot\u00e9e. S\u00e9rie limit\u00e9e.","breadcrumb":{"@id":"https:\/\/stagesetpeinturesvilcaz.fr\/en\/produit\/en-le-collector-vilcaz-25-ans-artniversaire\/#breadcrumb"},"inLanguage":"fr-FR","potentialAction":[{"@type":"ReadAction","target":["https:\/\/stagesetpeinturesvilcaz.fr\/en\/produit\/en-le-collector-vilcaz-25-ans-artniversaire\/"]}]},{"@type":"ImageObject","inLanguage":"fr-FR","@id":"https:\/\/stagesetpeinturesvilcaz.fr\/en\/produit\/en-le-collector-vilcaz-25-ans-artniversaire\/#primaryimage","url":"https:\/\/stagesetpeinturesvilcaz.fr\/wp-content\/uploads\/2023\/03\/Livre-dartiste-Vilcaz-Collector-1.jpg","contentUrl":"https:\/\/stagesetpeinturesvilcaz.fr\/wp-content\/uploads\/2023\/03\/Livre-dartiste-Vilcaz-Collector-1.jpg","width":1400,"height":1400,"caption":"Livre d'Artiste Vilcaz \"Collector\" 25 ans de carri\u00e8re"},{"@type":"BreadcrumbList","@id":"https:\/\/stagesetpeinturesvilcaz.fr\/en\/produit\/en-le-collector-vilcaz-25-ans-artniversaire\/#breadcrumb","itemListElement":[{"@type":"ListItem","position":1,"name":"Accueil","item":"https:\/\/stagesetpeinturesvilcaz.fr\/"},{"@type":"ListItem","position":2,"name":"Boutique &#8211; S\u00e9lection du mois","item":"https:\/\/stagesetpeinturesvilcaz.fr\/mes-oeuvres\/boutique-des-oeuvres-de-lartiste-corinne-vilcaz\/"},{"@type":"ListItem","position":3,"name":"The \u00ab\u00a0Collector\u00a0\u00bb Vilcaz 25 ans Art&rsquo;niversary"}]},{"@type":"WebSite","@id":"https:\/\/stagesetpeinturesvilcaz.fr\/#website","url":"https:\/\/stagesetpeinturesvilcaz.fr\/","name":"Corinne Vilcaz Artiste peintre professionnelle Stages et Peintures","description":"Artiste peintre professionnelle, Stages Aquarelle, Stages Huile","publisher":{"@id":"https:\/\/stagesetpeinturesvilcaz.fr\/#organization"},"potentialAction":[{"@type":"SearchAction","target":{"@type":"EntryPoint","urlTemplate":"https:\/\/stagesetpeinturesvilcaz.fr\/?s={search_term_string}"},"query-input":{"@type":"PropertyValueSpecification","valueRequired":true,"valueName":"search_term_string"}}],"inLanguage":"fr-FR"},{"@type":"Organization","@id":"https:\/\/stagesetpeinturesvilcaz.fr\/#organization","name":"Corinne Vilcaz","url":"https:\/\/stagesetpeinturesvilcaz.fr\/","logo":{"@type":"ImageObject","inLanguage":"fr-FR","@id":"https:\/\/stagesetpeinturesvilcaz.fr\/#\/schema\/logo\/image\/","url":"https:\/\/stagesetpeinturesvilcaz.fr\/wp-content\/uploads\/2017\/12\/header_fr-1.jpg","contentUrl":"https:\/\/stagesetpeinturesvilcaz.fr\/wp-content\/uploads\/2017\/12\/header_fr-1.jpg","width":600,"height":138,"caption":"Corinne Vilcaz"},"image":{"@id":"https:\/\/stagesetpeinturesvilcaz.fr\/#\/schema\/logo\/image\/"},"sameAs":["https:\/\/fr-fr.facebook.com\/corinne.vilcaz","https:\/\/www.linkedin.com\/in\/corinne-vilcaz-5ab57043"]}]}},"uagb_featured_image_src":{"full":["https:\/\/stagesetpeinturesvilcaz.fr\/wp-content\/uploads\/2023\/03\/Livre-dartiste-Vilcaz-Collector-1.jpg",1400,1400,false],"thumbnail":["https:\/\/stagesetpeinturesvilcaz.fr\/wp-content\/uploads\/2023\/03\/Livre-dartiste-Vilcaz-Collector-1-150x150.jpg",150,150,true],"medium":["https:\/\/stagesetpeinturesvilcaz.fr\/wp-content\/uploads\/2023\/03\/Livre-dartiste-Vilcaz-Collector-1-300x300.jpg",300,300,true],"medium_large":["https:\/\/stagesetpeinturesvilcaz.fr\/wp-content\/uploads\/2023\/03\/Livre-dartiste-Vilcaz-Collector-1-768x768.jpg",768,768,true],"large":["https:\/\/stagesetpeinturesvilcaz.fr\/wp-content\/uploads\/2023\/03\/Livre-dartiste-Vilcaz-Collector-1-1024x1024.jpg",1024,1024,true],"1536x1536":["https:\/\/stagesetpeinturesvilcaz.fr\/wp-content\/uploads\/2023\/03\/Livre-dartiste-Vilcaz-Collector-1.jpg",1400,1400,false],"2048x2048":["https:\/\/stagesetpeinturesvilcaz.fr\/wp-content\/uploads\/2023\/03\/Livre-dartiste-Vilcaz-Collector-1.jpg",1400,1400,false],"htmega_size_585x295":["https:\/\/stagesetpeinturesvilcaz.fr\/wp-content\/uploads\/2023\/03\/Livre-dartiste-Vilcaz-Collector-1.jpg",295,295,false],"htmega_size_1170x536":["https:\/\/stagesetpeinturesvilcaz.fr\/wp-content\/uploads\/2023\/03\/Livre-dartiste-Vilcaz-Collector-1.jpg",536,536,false],"htmega_size_396x360":["https:\/\/stagesetpeinturesvilcaz.fr\/wp-content\/uploads\/2023\/03\/Livre-dartiste-Vilcaz-Collector-1.jpg",360,360,false],"rpwe-thumbnail":["https:\/\/stagesetpeinturesvilcaz.fr\/wp-content\/uploads\/2023\/03\/Livre-dartiste-Vilcaz-Collector-1-45x45.jpg",45,45,true],"woocommerce_thumbnail":["https:\/\/stagesetpeinturesvilcaz.fr\/wp-content\/uploads\/2023\/03\/Livre-dartiste-Vilcaz-Collector-1-300x300.jpg",300,300,true],"woocommerce_single":["https:\/\/stagesetpeinturesvilcaz.fr\/wp-content\/uploads\/2023\/03\/Livre-dartiste-Vilcaz-Collector-1-600x600.jpg",600,600,true],"woocommerce_gallery_thumbnail":["https:\/\/stagesetpeinturesvilcaz.fr\/wp-content\/uploads\/2023\/03\/Livre-dartiste-Vilcaz-Collector-1-100x100.jpg",100,100,true]},"uagb_author_info":{"display_name":"Mathilde Villiers","author_link":"https:\/\/stagesetpeinturesvilcaz.fr\/author\/"},"uagb_comment_info":0,"uagb_excerpt":"Le \"collector\" : Livre 25 ans Vilcaz avec pr\u00e9face de Francis Cabrel 1 livre d'artiste 25 ans de carri\u00e8re + 1 reproduction en digigraphie, num\u00e9rot\u00e9e, avec son certificat d'authenticit\u00e9 et sa facture. Sign\u00e9e au dos, dat\u00e9e et d\u00e9dicac\u00e9e sur demande. Papier 310 gr. Satin\/Mat24x24 cm Haute qualit\u00e9 d'impression. Livre format 24x24 cm. Couverture souple \u00e0\u2026","jetpack_sharing_enabled":true,"_links":{"self":[{"href":"https:\/\/stagesetpeinturesvilcaz.fr\/wp-json\/wp\/v2\/product\/13070","targetHints":{"allow":["GET"]}}],"collection":[{"href":"https:\/\/stagesetpeinturesvilcaz.fr\/wp-json\/wp\/v2\/product"}],"about":[{"href":"https:\/\/stagesetpeinturesvilcaz.fr\/wp-json\/wp\/v2\/types\/product"}],"wp:featuredmedia":[{"embeddable":true,"href":"https:\/\/stagesetpeinturesvilcaz.fr\/wp-json\/wp\/v2\/media\/15665"}],"wp:attachment":[{"href":"https:\/\/stagesetpeinturesvilcaz.fr\/wp-json\/wp\/v2\/media?parent=13070"}],"wp:term":[{"taxonomy":"product_brand","embeddable":true,"href":"https:\/\/stagesetpeinturesvilcaz.fr\/wp-json\/wp\/v2\/product_brand?post=13070"},{"taxonomy":"product_cat","embeddable":true,"href":"https:\/\/stagesetpeinturesvilcaz.fr\/wp-json\/wp\/v2\/product_cat?post=13070"},{"taxonomy":"product_tag","embeddable":true,"href":"https:\/\/stagesetpeinturesvilcaz.fr\/wp-json\/wp\/v2\/product_tag?post=13070"}],"curies":[{"name":"wp","href":"https:\/\/api.w.org\/{rel}","templated":true}]}}