{"id":16854,"date":"2025-02-11T10:16:42","date_gmt":"2025-02-11T09:16:42","guid":{"rendered":"https:\/\/stagesetpeinturesvilcaz.fr\/?post_type=product&#038;p=16854"},"modified":"2026-03-11T15:15:00","modified_gmt":"2026-03-11T14:15:00","slug":"aquarelle-peintureaquarelle-fusion-couleur-lumiere-transparence-fluidite-eau-effusion-apprendre-laquarelle-cours-aquarelle-stageaquarelle-fete-des-meres","status":"publish","type":"product","link":"https:\/\/stagesetpeinturesvilcaz.fr\/produit\/aquarelle-peintureaquarelle-fusion-couleur-lumiere-transparence-fluidite-eau-effusion-apprendre-laquarelle-cours-aquarelle-stageaquarelle-fete-des-meres\/","title":{"rendered":"Effusion"},"content":{"rendered":"<p>Aquarelle sur papier. Format 31&#215;41 cm. Vendue sous papier glac\u00e9 plastifi\u00e9. Cette aquarelle est certifi\u00e9e et num\u00e9rot\u00e9e au dos, et vendue avec son certificat d&rsquo;authenticit\u00e9 et sa facture.\u00a0 Non encadr\u00e9e afin de laisser \u00e0 chacun(e) le choix de couleur, de style et de format de son cadre et correspondre exactement \u00e0 son go\u00fbt.<\/p>\n<p>Livraison par Colissimo recommand\u00e9 et remis en mains propres.<\/p>\n<p>&nbsp;<\/p>\n","protected":false},"excerpt":{"rendered":"<p>Sp\u00e9ciale F\u00eate des m\u00e8res la promo qui fait du bien&#8230;au c\u0153ur et au porte-monnaie !<\/p>\n<p>Soyez-en certain(e), cette aquarelle pleine d&rsquo;\u00e9nergie, de couleurs et d&rsquo;effusion, illuminera votre int\u00e9rieur de sa fra\u00eecheur et de sa profondeur. Sign\u00e9e en bas \u00e0 droite, pleine de force, cette \u0153uvre contemporaine unique, ne pourra que vous apporter joie et bonheur.<\/p>\n<p>Vendu sans encadrement. Sous papier glac\u00e9 plastifi\u00e9. Le prix indiqu\u00e9 est celui de l\u2019\u0153uvre livr\u00e9e.<\/p>\n","protected":false},"featured_media":16855,"template":"","meta":{"_acf_changed":false,"_uag_custom_page_level_css":"","_monsterinsights_skip_tracking":false,"_monsterinsights_sitenote_active":false,"_monsterinsights_sitenote_note":"","_monsterinsights_sitenote_category":0,"site-sidebar-layout":"default","site-content-layout":"","ast-site-content-layout":"default","site-content-style":"default","site-sidebar-style":"default","ast-global-header-display":"","ast-banner-title-visibility":"","ast-main-header-display":"","ast-hfb-above-header-display":"","ast-hfb-below-header-display":"","ast-hfb-mobile-header-display":"","site-post-title":"","ast-breadcrumbs-content":"","ast-featured-img":"","footer-sml-layout":"","ast-disable-related-posts":"","theme-transparent-header-meta":"default","adv-header-id-meta":"","stick-header-meta":"","header-above-stick-meta":"","header-main-stick-meta":"","header-below-stick-meta":"","astra-migrate-meta-layouts":"set","ast-page-background-enabled":"default","ast-page-background-meta":{"desktop":{"background-color":"","background-image":"","background-repeat":"repeat","background-position":"center center","background-size":"auto","background-attachment":"scroll","background-type":"","background-media":"","overlay-type":"","overlay-color":"","overlay-opacity":"","overlay-gradient":""},"tablet":{"background-color":"","background-image":"","background-repeat":"repeat","background-position":"center center","background-size":"auto","background-attachment":"scroll","background-type":"","background-media":"","overlay-type":"","overlay-color":"","overlay-opacity":"","overlay-gradient":""},"mobile":{"background-color":"","background-image":"","background-repeat":"repeat","background-position":"center center","background-size":"auto","background-attachment":"scroll","background-type":"","background-media":"","overlay-type":"","overlay-color":"","overlay-opacity":"","overlay-gradient":""}},"ast-content-background-meta":{"desktop":{"background-color":"var(--ast-global-color-5)","background-image":"","background-repeat":"repeat","background-position":"center center","background-size":"auto","background-attachment":"scroll","background-type":"","background-media":"","overlay-type":"","overlay-color":"","overlay-opacity":"","overlay-gradient":""},"tablet":{"background-color":"var(--ast-global-color-5)","background-image":"","background-repeat":"repeat","background-position":"center center","background-size":"auto","background-attachment":"scroll","background-type":"","background-media":"","overlay-type":"","overlay-color":"","overlay-opacity":"","overlay-gradient":""},"mobile":{"background-color":"var(--ast-global-color-5)","background-image":"","background-repeat":"repeat","background-position":"center center","background-size":"auto","background-attachment":"scroll","background-type":"","background-media":"","overlay-type":"","overlay-color":"","overlay-opacity":"","overlay-gradient":""}}},"product_brand":[],"product_cat":[541],"product_tag":[410,545,543],"class_list":{"0":"post-16854","1":"product","2":"type-product","3":"status-publish","4":"has-post-thumbnail","6":"product_cat-aquarelle-sur-papier","7":"product_tag-aquarelle","8":"product_tag-fusionaquarelle","9":"product_tag-peintureaquarelle","10":"desktop-align-left","11":"tablet-align-left","12":"mobile-align-left","14":"first","15":"instock","16":"shipping-taxable","17":"purchasable","18":"product-type-simple"},"acf":[],"yoast_head":"<!-- This site is optimized with the Yoast SEO plugin v27.4 - https:\/\/yoast.com\/product\/yoast-seo-wordpress\/ -->\n<title>Effusion - Corinne Vilcaz<\/title>\n<meta name=\"description\" content=\"Aquarelle sur papier, \u00e0 la fusion des couleurs en une effusion d&#039;\u00e9nergies. Oeuvre originale, sign\u00e9e, num\u00e9rot\u00e9e, et cot\u00e9e sur la march\u00e9 de l&#039;Art.\" \/>\n<meta name=\"robots\" content=\"index, follow, max-snippet:-1, max-image-preview:large, max-video-preview:-1\" \/>\n<link rel=\"canonical\" href=\"https:\/\/stagesetpeinturesvilcaz.fr\/produit\/aquarelle-peintureaquarelle-fusion-couleur-lumiere-transparence-fluidite-eau-effusion-apprendre-laquarelle-cours-aquarelle-stageaquarelle-fete-des-meres\/\" \/>\n<meta property=\"og:locale\" content=\"fr_FR\" \/>\n<meta property=\"og:type\" content=\"article\" \/>\n<meta property=\"og:title\" content=\"Effusion - Corinne Vilcaz\" \/>\n<meta property=\"og:description\" content=\"Aquarelle sur papier, \u00e0 la fusion des couleurs en une effusion d&#039;\u00e9nergies. Oeuvre originale, sign\u00e9e, num\u00e9rot\u00e9e, et cot\u00e9e sur la march\u00e9 de l&#039;Art.\" \/>\n<meta property=\"og:url\" content=\"https:\/\/stagesetpeinturesvilcaz.fr\/produit\/aquarelle-peintureaquarelle-fusion-couleur-lumiere-transparence-fluidite-eau-effusion-apprendre-laquarelle-cours-aquarelle-stageaquarelle-fete-des-meres\/\" \/>\n<meta property=\"og:site_name\" content=\"Corinne Vilcaz\" \/>\n<meta property=\"article:publisher\" content=\"https:\/\/fr-fr.facebook.com\/corinne.vilcaz\" \/>\n<meta property=\"article:modified_time\" content=\"2026-03-11T14:15:00+00:00\" \/>\n<meta property=\"og:image\" content=\"https:\/\/stagesetpeinturesvilcaz.fr\/wp-content\/uploads\/2025\/02\/Effusion-Aquarelle-sur-papier--scaled.jpeg\" \/>\n\t<meta property=\"og:image:width\" content=\"1939\" \/>\n\t<meta property=\"og:image:height\" content=\"2560\" \/>\n\t<meta property=\"og:image:type\" content=\"image\/jpeg\" \/>\n<meta name=\"twitter:card\" content=\"summary_large_image\" \/>\n<meta name=\"twitter:label1\" content=\"Dur\u00e9e de lecture estim\u00e9e\" \/>\n\t<meta name=\"twitter:data1\" content=\"1 minute\" \/>\n<script type=\"application\/ld+json\" class=\"yoast-schema-graph\">{\"@context\":\"https:\\\/\\\/schema.org\",\"@graph\":[{\"@type\":\"WebPage\",\"@id\":\"https:\\\/\\\/stagesetpeinturesvilcaz.fr\\\/produit\\\/aquarelle-peintureaquarelle-fusion-couleur-lumiere-transparence-fluidite-eau-effusion-apprendre-laquarelle-cours-aquarelle-stageaquarelle-fete-des-meres\\\/\",\"url\":\"https:\\\/\\\/stagesetpeinturesvilcaz.fr\\\/produit\\\/aquarelle-peintureaquarelle-fusion-couleur-lumiere-transparence-fluidite-eau-effusion-apprendre-laquarelle-cours-aquarelle-stageaquarelle-fete-des-meres\\\/\",\"name\":\"Effusion - Corinne Vilcaz\",\"isPartOf\":{\"@id\":\"https:\\\/\\\/stagesetpeinturesvilcaz.fr\\\/#website\"},\"primaryImageOfPage\":{\"@id\":\"https:\\\/\\\/stagesetpeinturesvilcaz.fr\\\/produit\\\/aquarelle-peintureaquarelle-fusion-couleur-lumiere-transparence-fluidite-eau-effusion-apprendre-laquarelle-cours-aquarelle-stageaquarelle-fete-des-meres\\\/#primaryimage\"},\"image\":{\"@id\":\"https:\\\/\\\/stagesetpeinturesvilcaz.fr\\\/produit\\\/aquarelle-peintureaquarelle-fusion-couleur-lumiere-transparence-fluidite-eau-effusion-apprendre-laquarelle-cours-aquarelle-stageaquarelle-fete-des-meres\\\/#primaryimage\"},\"thumbnailUrl\":\"https:\\\/\\\/stagesetpeinturesvilcaz.fr\\\/wp-content\\\/uploads\\\/2025\\\/02\\\/Effusion-Aquarelle-sur-papier--scaled.jpeg\",\"datePublished\":\"2025-02-11T09:16:42+00:00\",\"dateModified\":\"2026-03-11T14:15:00+00:00\",\"description\":\"Aquarelle sur papier, \u00e0 la fusion des couleurs en une effusion d'\u00e9nergies. Oeuvre originale, sign\u00e9e, num\u00e9rot\u00e9e, et cot\u00e9e sur la march\u00e9 de l'Art.\",\"breadcrumb\":{\"@id\":\"https:\\\/\\\/stagesetpeinturesvilcaz.fr\\\/produit\\\/aquarelle-peintureaquarelle-fusion-couleur-lumiere-transparence-fluidite-eau-effusion-apprendre-laquarelle-cours-aquarelle-stageaquarelle-fete-des-meres\\\/#breadcrumb\"},\"inLanguage\":\"fr-FR\",\"potentialAction\":[{\"@type\":\"ReadAction\",\"target\":[\"https:\\\/\\\/stagesetpeinturesvilcaz.fr\\\/produit\\\/aquarelle-peintureaquarelle-fusion-couleur-lumiere-transparence-fluidite-eau-effusion-apprendre-laquarelle-cours-aquarelle-stageaquarelle-fete-des-meres\\\/\"]}]},{\"@type\":\"ImageObject\",\"inLanguage\":\"fr-FR\",\"@id\":\"https:\\\/\\\/stagesetpeinturesvilcaz.fr\\\/produit\\\/aquarelle-peintureaquarelle-fusion-couleur-lumiere-transparence-fluidite-eau-effusion-apprendre-laquarelle-cours-aquarelle-stageaquarelle-fete-des-meres\\\/#primaryimage\",\"url\":\"https:\\\/\\\/stagesetpeinturesvilcaz.fr\\\/wp-content\\\/uploads\\\/2025\\\/02\\\/Effusion-Aquarelle-sur-papier--scaled.jpeg\",\"contentUrl\":\"https:\\\/\\\/stagesetpeinturesvilcaz.fr\\\/wp-content\\\/uploads\\\/2025\\\/02\\\/Effusion-Aquarelle-sur-papier--scaled.jpeg\",\"width\":1939,\"height\":2560,\"caption\":\"Aquarelle Corinne Vilcaz\"},{\"@type\":\"BreadcrumbList\",\"@id\":\"https:\\\/\\\/stagesetpeinturesvilcaz.fr\\\/produit\\\/aquarelle-peintureaquarelle-fusion-couleur-lumiere-transparence-fluidite-eau-effusion-apprendre-laquarelle-cours-aquarelle-stageaquarelle-fete-des-meres\\\/#breadcrumb\",\"itemListElement\":[{\"@type\":\"ListItem\",\"position\":1,\"name\":\"Accueil\",\"item\":\"https:\\\/\\\/stagesetpeinturesvilcaz.fr\\\/\"},{\"@type\":\"ListItem\",\"position\":2,\"name\":\"Boutique &#8211; S\u00e9lection du mois\",\"item\":\"https:\\\/\\\/stagesetpeinturesvilcaz.fr\\\/mes-oeuvres\\\/boutique-des-oeuvres-de-lartiste-corinne-vilcaz\\\/\"},{\"@type\":\"ListItem\",\"position\":3,\"name\":\"Effusion\"}]},{\"@type\":\"WebSite\",\"@id\":\"https:\\\/\\\/stagesetpeinturesvilcaz.fr\\\/#website\",\"url\":\"https:\\\/\\\/stagesetpeinturesvilcaz.fr\\\/\",\"name\":\"Corinne Vilcaz Artiste peintre professionnelle Stages et Peintures\",\"description\":\"Artiste peintre professionnelle, Stages Aquarelle, Stages Huile\",\"publisher\":{\"@id\":\"https:\\\/\\\/stagesetpeinturesvilcaz.fr\\\/#organization\"},\"potentialAction\":[{\"@type\":\"SearchAction\",\"target\":{\"@type\":\"EntryPoint\",\"urlTemplate\":\"https:\\\/\\\/stagesetpeinturesvilcaz.fr\\\/?s={search_term_string}\"},\"query-input\":{\"@type\":\"PropertyValueSpecification\",\"valueRequired\":true,\"valueName\":\"search_term_string\"}}],\"inLanguage\":\"fr-FR\"},{\"@type\":\"Organization\",\"@id\":\"https:\\\/\\\/stagesetpeinturesvilcaz.fr\\\/#organization\",\"name\":\"Corinne Vilcaz\",\"url\":\"https:\\\/\\\/stagesetpeinturesvilcaz.fr\\\/\",\"logo\":{\"@type\":\"ImageObject\",\"inLanguage\":\"fr-FR\",\"@id\":\"https:\\\/\\\/stagesetpeinturesvilcaz.fr\\\/#\\\/schema\\\/logo\\\/image\\\/\",\"url\":\"https:\\\/\\\/stagesetpeinturesvilcaz.fr\\\/wp-content\\\/uploads\\\/2017\\\/12\\\/header_fr-1.jpg\",\"contentUrl\":\"https:\\\/\\\/stagesetpeinturesvilcaz.fr\\\/wp-content\\\/uploads\\\/2017\\\/12\\\/header_fr-1.jpg\",\"width\":600,\"height\":138,\"caption\":\"Corinne Vilcaz\"},\"image\":{\"@id\":\"https:\\\/\\\/stagesetpeinturesvilcaz.fr\\\/#\\\/schema\\\/logo\\\/image\\\/\"},\"sameAs\":[\"https:\\\/\\\/fr-fr.facebook.com\\\/corinne.vilcaz\",\"https:\\\/\\\/www.linkedin.com\\\/in\\\/corinne-vilcaz-5ab57043\"]}]}<\/script>\n<!-- \/ Yoast SEO plugin. -->","yoast_head_json":{"title":"Effusion - Corinne Vilcaz","description":"Aquarelle sur papier, \u00e0 la fusion des couleurs en une effusion d'\u00e9nergies. Oeuvre originale, sign\u00e9e, num\u00e9rot\u00e9e, et cot\u00e9e sur la march\u00e9 de l'Art.","robots":{"index":"index","follow":"follow","max-snippet":"max-snippet:-1","max-image-preview":"max-image-preview:large","max-video-preview":"max-video-preview:-1"},"canonical":"https:\/\/stagesetpeinturesvilcaz.fr\/produit\/aquarelle-peintureaquarelle-fusion-couleur-lumiere-transparence-fluidite-eau-effusion-apprendre-laquarelle-cours-aquarelle-stageaquarelle-fete-des-meres\/","og_locale":"fr_FR","og_type":"article","og_title":"Effusion - Corinne Vilcaz","og_description":"Aquarelle sur papier, \u00e0 la fusion des couleurs en une effusion d'\u00e9nergies. Oeuvre originale, sign\u00e9e, num\u00e9rot\u00e9e, et cot\u00e9e sur la march\u00e9 de l'Art.","og_url":"https:\/\/stagesetpeinturesvilcaz.fr\/produit\/aquarelle-peintureaquarelle-fusion-couleur-lumiere-transparence-fluidite-eau-effusion-apprendre-laquarelle-cours-aquarelle-stageaquarelle-fete-des-meres\/","og_site_name":"Corinne Vilcaz","article_publisher":"https:\/\/fr-fr.facebook.com\/corinne.vilcaz","article_modified_time":"2026-03-11T14:15:00+00:00","og_image":[{"width":1939,"height":2560,"url":"https:\/\/stagesetpeinturesvilcaz.fr\/wp-content\/uploads\/2025\/02\/Effusion-Aquarelle-sur-papier--scaled.jpeg","type":"image\/jpeg"}],"twitter_card":"summary_large_image","twitter_misc":{"Dur\u00e9e de lecture estim\u00e9e":"1 minute"},"schema":{"@context":"https:\/\/schema.org","@graph":[{"@type":"WebPage","@id":"https:\/\/stagesetpeinturesvilcaz.fr\/produit\/aquarelle-peintureaquarelle-fusion-couleur-lumiere-transparence-fluidite-eau-effusion-apprendre-laquarelle-cours-aquarelle-stageaquarelle-fete-des-meres\/","url":"https:\/\/stagesetpeinturesvilcaz.fr\/produit\/aquarelle-peintureaquarelle-fusion-couleur-lumiere-transparence-fluidite-eau-effusion-apprendre-laquarelle-cours-aquarelle-stageaquarelle-fete-des-meres\/","name":"Effusion - Corinne Vilcaz","isPartOf":{"@id":"https:\/\/stagesetpeinturesvilcaz.fr\/#website"},"primaryImageOfPage":{"@id":"https:\/\/stagesetpeinturesvilcaz.fr\/produit\/aquarelle-peintureaquarelle-fusion-couleur-lumiere-transparence-fluidite-eau-effusion-apprendre-laquarelle-cours-aquarelle-stageaquarelle-fete-des-meres\/#primaryimage"},"image":{"@id":"https:\/\/stagesetpeinturesvilcaz.fr\/produit\/aquarelle-peintureaquarelle-fusion-couleur-lumiere-transparence-fluidite-eau-effusion-apprendre-laquarelle-cours-aquarelle-stageaquarelle-fete-des-meres\/#primaryimage"},"thumbnailUrl":"https:\/\/stagesetpeinturesvilcaz.fr\/wp-content\/uploads\/2025\/02\/Effusion-Aquarelle-sur-papier--scaled.jpeg","datePublished":"2025-02-11T09:16:42+00:00","dateModified":"2026-03-11T14:15:00+00:00","description":"Aquarelle sur papier, \u00e0 la fusion des couleurs en une effusion d'\u00e9nergies. Oeuvre originale, sign\u00e9e, num\u00e9rot\u00e9e, et cot\u00e9e sur la march\u00e9 de l'Art.","breadcrumb":{"@id":"https:\/\/stagesetpeinturesvilcaz.fr\/produit\/aquarelle-peintureaquarelle-fusion-couleur-lumiere-transparence-fluidite-eau-effusion-apprendre-laquarelle-cours-aquarelle-stageaquarelle-fete-des-meres\/#breadcrumb"},"inLanguage":"fr-FR","potentialAction":[{"@type":"ReadAction","target":["https:\/\/stagesetpeinturesvilcaz.fr\/produit\/aquarelle-peintureaquarelle-fusion-couleur-lumiere-transparence-fluidite-eau-effusion-apprendre-laquarelle-cours-aquarelle-stageaquarelle-fete-des-meres\/"]}]},{"@type":"ImageObject","inLanguage":"fr-FR","@id":"https:\/\/stagesetpeinturesvilcaz.fr\/produit\/aquarelle-peintureaquarelle-fusion-couleur-lumiere-transparence-fluidite-eau-effusion-apprendre-laquarelle-cours-aquarelle-stageaquarelle-fete-des-meres\/#primaryimage","url":"https:\/\/stagesetpeinturesvilcaz.fr\/wp-content\/uploads\/2025\/02\/Effusion-Aquarelle-sur-papier--scaled.jpeg","contentUrl":"https:\/\/stagesetpeinturesvilcaz.fr\/wp-content\/uploads\/2025\/02\/Effusion-Aquarelle-sur-papier--scaled.jpeg","width":1939,"height":2560,"caption":"Aquarelle Corinne Vilcaz"},{"@type":"BreadcrumbList","@id":"https:\/\/stagesetpeinturesvilcaz.fr\/produit\/aquarelle-peintureaquarelle-fusion-couleur-lumiere-transparence-fluidite-eau-effusion-apprendre-laquarelle-cours-aquarelle-stageaquarelle-fete-des-meres\/#breadcrumb","itemListElement":[{"@type":"ListItem","position":1,"name":"Accueil","item":"https:\/\/stagesetpeinturesvilcaz.fr\/"},{"@type":"ListItem","position":2,"name":"Boutique &#8211; S\u00e9lection du mois","item":"https:\/\/stagesetpeinturesvilcaz.fr\/mes-oeuvres\/boutique-des-oeuvres-de-lartiste-corinne-vilcaz\/"},{"@type":"ListItem","position":3,"name":"Effusion"}]},{"@type":"WebSite","@id":"https:\/\/stagesetpeinturesvilcaz.fr\/#website","url":"https:\/\/stagesetpeinturesvilcaz.fr\/","name":"Corinne Vilcaz Artiste peintre professionnelle Stages et Peintures","description":"Artiste peintre professionnelle, Stages Aquarelle, Stages Huile","publisher":{"@id":"https:\/\/stagesetpeinturesvilcaz.fr\/#organization"},"potentialAction":[{"@type":"SearchAction","target":{"@type":"EntryPoint","urlTemplate":"https:\/\/stagesetpeinturesvilcaz.fr\/?s={search_term_string}"},"query-input":{"@type":"PropertyValueSpecification","valueRequired":true,"valueName":"search_term_string"}}],"inLanguage":"fr-FR"},{"@type":"Organization","@id":"https:\/\/stagesetpeinturesvilcaz.fr\/#organization","name":"Corinne Vilcaz","url":"https:\/\/stagesetpeinturesvilcaz.fr\/","logo":{"@type":"ImageObject","inLanguage":"fr-FR","@id":"https:\/\/stagesetpeinturesvilcaz.fr\/#\/schema\/logo\/image\/","url":"https:\/\/stagesetpeinturesvilcaz.fr\/wp-content\/uploads\/2017\/12\/header_fr-1.jpg","contentUrl":"https:\/\/stagesetpeinturesvilcaz.fr\/wp-content\/uploads\/2017\/12\/header_fr-1.jpg","width":600,"height":138,"caption":"Corinne Vilcaz"},"image":{"@id":"https:\/\/stagesetpeinturesvilcaz.fr\/#\/schema\/logo\/image\/"},"sameAs":["https:\/\/fr-fr.facebook.com\/corinne.vilcaz","https:\/\/www.linkedin.com\/in\/corinne-vilcaz-5ab57043"]}]}},"uagb_featured_image_src":{"full":["https:\/\/stagesetpeinturesvilcaz.fr\/wp-content\/uploads\/2025\/02\/Effusion-Aquarelle-sur-papier--scaled.jpeg",1939,2560,false],"thumbnail":["https:\/\/stagesetpeinturesvilcaz.fr\/wp-content\/uploads\/2025\/02\/Effusion-Aquarelle-sur-papier--114x150.jpeg",114,150,true],"medium":["https:\/\/stagesetpeinturesvilcaz.fr\/wp-content\/uploads\/2025\/02\/Effusion-Aquarelle-sur-papier--227x300.jpeg",227,300,true],"medium_large":["https:\/\/stagesetpeinturesvilcaz.fr\/wp-content\/uploads\/2025\/02\/Effusion-Aquarelle-sur-papier--768x1014.jpeg",768,1014,true],"large":["https:\/\/stagesetpeinturesvilcaz.fr\/wp-content\/uploads\/2025\/02\/Effusion-Aquarelle-sur-papier--776x1024.jpeg",776,1024,true],"1536x1536":["https:\/\/stagesetpeinturesvilcaz.fr\/wp-content\/uploads\/2025\/02\/Effusion-Aquarelle-sur-papier--1163x1536.jpeg",1163,1536,true],"2048x2048":["https:\/\/stagesetpeinturesvilcaz.fr\/wp-content\/uploads\/2025\/02\/Effusion-Aquarelle-sur-papier--1551x2048.jpeg",1551,2048,true],"htmega_size_585x295":["https:\/\/stagesetpeinturesvilcaz.fr\/wp-content\/uploads\/2025\/02\/Effusion-Aquarelle-sur-papier--scaled.jpeg",223,295,false],"htmega_size_1170x536":["https:\/\/stagesetpeinturesvilcaz.fr\/wp-content\/uploads\/2025\/02\/Effusion-Aquarelle-sur-papier--scaled.jpeg",406,536,false],"htmega_size_396x360":["https:\/\/stagesetpeinturesvilcaz.fr\/wp-content\/uploads\/2025\/02\/Effusion-Aquarelle-sur-papier--scaled.jpeg",273,360,false],"rpwe-thumbnail":["https:\/\/stagesetpeinturesvilcaz.fr\/wp-content\/uploads\/2025\/02\/Effusion-Aquarelle-sur-papier--45x45.jpeg",45,45,true],"woocommerce_thumbnail":["https:\/\/stagesetpeinturesvilcaz.fr\/wp-content\/uploads\/2025\/02\/Effusion-Aquarelle-sur-papier--300x300.jpeg",300,300,true],"woocommerce_single":["https:\/\/stagesetpeinturesvilcaz.fr\/wp-content\/uploads\/2025\/02\/Effusion-Aquarelle-sur-papier--600x792.jpeg",600,792,true],"woocommerce_gallery_thumbnail":["https:\/\/stagesetpeinturesvilcaz.fr\/wp-content\/uploads\/2025\/02\/Effusion-Aquarelle-sur-papier--100x100.jpeg",100,100,true]},"uagb_author_info":{"display_name":"Corinne Vilcaz","author_link":"https:\/\/stagesetpeinturesvilcaz.fr\/author\/"},"uagb_comment_info":0,"uagb_excerpt":"Sp\u00e9ciale F\u00eate des m\u00e8res la promo qui fait du bien...au c\u0153ur et au porte-monnaie ! Soyez-en certain(e), cette aquarelle pleine d'\u00e9nergie, de couleurs et d'effusion, illuminera votre int\u00e9rieur de sa fra\u00eecheur et de sa profondeur. Sign\u00e9e en bas \u00e0 droite, pleine de force, cette \u0153uvre contemporaine unique, ne pourra que vous apporter joie et bonheur.\u2026","jetpack_sharing_enabled":true,"_links":{"self":[{"href":"https:\/\/stagesetpeinturesvilcaz.fr\/wp-json\/wp\/v2\/product\/16854","targetHints":{"allow":["GET"]}}],"collection":[{"href":"https:\/\/stagesetpeinturesvilcaz.fr\/wp-json\/wp\/v2\/product"}],"about":[{"href":"https:\/\/stagesetpeinturesvilcaz.fr\/wp-json\/wp\/v2\/types\/product"}],"wp:featuredmedia":[{"embeddable":true,"href":"https:\/\/stagesetpeinturesvilcaz.fr\/wp-json\/wp\/v2\/media\/16855"}],"wp:attachment":[{"href":"https:\/\/stagesetpeinturesvilcaz.fr\/wp-json\/wp\/v2\/media?parent=16854"}],"wp:term":[{"taxonomy":"product_brand","embeddable":true,"href":"https:\/\/stagesetpeinturesvilcaz.fr\/wp-json\/wp\/v2\/product_brand?post=16854"},{"taxonomy":"product_cat","embeddable":true,"href":"https:\/\/stagesetpeinturesvilcaz.fr\/wp-json\/wp\/v2\/product_cat?post=16854"},{"taxonomy":"product_tag","embeddable":true,"href":"https:\/\/stagesetpeinturesvilcaz.fr\/wp-json\/wp\/v2\/product_tag?post=16854"}],"curies":[{"name":"wp","href":"https:\/\/api.w.org\/{rel}","templated":true}]}}